{"id":106,"date":"2020-07-10T13:45:19","date_gmt":"2020-07-10T13:45:19","guid":{"rendered":"http:\/\/1-2-3faltenfrei.de\/?page_id=106"},"modified":"2024-12-04T18:52:41","modified_gmt":"2024-12-04T18:52:41","slug":"gesichtsbehandlungen","status":"publish","type":"page","link":"http:\/\/1-2-3faltenfrei.de\/?page_id=106","title":{"rendered":"Behandlungen"},"content":{"rendered":"\n<p><strong>BioRePeel Behandlung<\/strong><\/p>\n\n\n\n<figure class=\"wp-block-image size-large is-resized\"><img loading=\"lazy\" decoding=\"async\" width=\"1024\" height=\"1024\" src=\"http:\/\/1-2-3faltenfrei.de\/wp-content\/uploads\/2020\/11\/2019-08-20_16.10.56-1024x1024.jpg\" alt=\"\" class=\"wp-image-184\" style=\"width:360px;height:360px\" srcset=\"http:\/\/1-2-3faltenfrei.de\/wp-content\/uploads\/2020\/11\/2019-08-20_16.10.56-1024x1024.jpg 1024w, http:\/\/1-2-3faltenfrei.de\/wp-content\/uploads\/2020\/11\/2019-08-20_16.10.56-300x300.jpg 300w, http:\/\/1-2-3faltenfrei.de\/wp-content\/uploads\/2020\/11\/2019-08-20_16.10.56-150x150.jpg 150w, http:\/\/1-2-3faltenfrei.de\/wp-content\/uploads\/2020\/11\/2019-08-20_16.10.56-768x768.jpg 768w, http:\/\/1-2-3faltenfrei.de\/wp-content\/uploads\/2020\/11\/2019-08-20_16.10.56-624x624.jpg 624w, http:\/\/1-2-3faltenfrei.de\/wp-content\/uploads\/2020\/11\/2019-08-20_16.10.56.jpg 1080w\" sizes=\"auto, (max-width: 1024px) 100vw, 1024px\" \/><\/figure>\n\n\n\n<p>Die Behandlung wird mit einem patentierten innovativen und biphasischem Produkt durchgef\u00fchrt und hat einen sichtbaren Soforteffekt . Die Haut ist glatter, feiner, ebenm\u00e4\u00dfiger und das ganz ohne Schmerzen, Nebenwirkungen und Ausfallzeiten.<\/p>\n\n\n\n<p>Dieses Produkt wirkt durch die besonderen Inhaltsstoffe und Vitamine biostimulierend und revitalisierend auf die Haut und dank der exfolierenden und keratolytischen Wirkung f\u00f6rdert es den Zellumsatz, indem es die \u00e4u\u00dferen Hornhautschichtzellen l\u00f6st .<\/p>\n\n\n\n<p>Wirkung: Sch\u00fctzend &amp; verst\u00e4rkend, feuchtigkeitsspendend, biostimulierend, revitalisierend, entz\u00fcndungshemmend, antioxidativ und faltenreduzierend.<\/p>\n\n\n\n<p>Anzahl der Anwendungen: 3 &#8211; 4 im Abstand von 10 \u2013 14 Tagen<\/p>\n\n\n\n<p>Hochwirksam bei<\/p>\n\n\n\n<ul class=\"wp-block-list\">\n<li>Falten<\/li>\n\n\n\n<li>Akne<\/li>\n\n\n\n<li>Narben<\/li>\n\n\n\n<li>Schwangerschaftsstreifen<\/li>\n\n\n\n<li>Pigmentflecken<\/li>\n<\/ul>\n\n\n\n<p>Preis Gesicht: 99 \u20ac<\/p>\n\n\n\n<p>Preis K\u00f6rper: je nach Gr\u00f6\u00dfe des Bereichs<\/p>\n\n\n\n<p><strong>Microneedling \/ BB Skin<\/strong><\/p>\n\n\n\n<figure class=\"wp-block-image size-large is-resized\"><img loading=\"lazy\" decoding=\"async\" width=\"1024\" height=\"1024\" src=\"http:\/\/1-2-3faltenfrei.de\/wp-content\/uploads\/2020\/11\/Photo_1600424836834-1024x1024.jpg\" alt=\"\" class=\"wp-image-179\" style=\"width:410px;height:410px\" srcset=\"http:\/\/1-2-3faltenfrei.de\/wp-content\/uploads\/2020\/11\/Photo_1600424836834-1024x1024.jpg 1024w, http:\/\/1-2-3faltenfrei.de\/wp-content\/uploads\/2020\/11\/Photo_1600424836834-300x300.jpg 300w, http:\/\/1-2-3faltenfrei.de\/wp-content\/uploads\/2020\/11\/Photo_1600424836834-150x150.jpg 150w, http:\/\/1-2-3faltenfrei.de\/wp-content\/uploads\/2020\/11\/Photo_1600424836834-768x768.jpg 768w, http:\/\/1-2-3faltenfrei.de\/wp-content\/uploads\/2020\/11\/Photo_1600424836834-624x624.jpg 624w, http:\/\/1-2-3faltenfrei.de\/wp-content\/uploads\/2020\/11\/Photo_1600424836834.jpg 1080w\" sizes=\"auto, (max-width: 1024px) 100vw, 1024px\" \/><\/figure>\n\n\n\n<p>Microneedling ist eine Methode, die es erm\u00f6glicht, Wirkstoffe in die Haut einzuschleusen, wo eine Creme nicht wirken kann. Es werden Seren und \/oder Farbpartikel in die Haut eingearbeitet, wobei durch das leichte Eindringen der Nadel die k\u00f6rpereigene Kollagen- und Hyaluronbildung angeregt wird. Dadurch wird das Hautbild sehr verbessert und die Haut gewinnt an Elastizit\u00e4t.<\/p>\n\n\n\n<p>Wirkung: Jeder Haut ist anders aber man sieht schon nach kurzer Zeit Ver\u00e4nderungen. Die volle Wirksamkeit der Seren sieht man in ca. 5 Tagen.<\/p>\n\n\n\n<p>Anzahl der Anwendungen: h\u00e4ngt vom Hauttyp ab, jedoch mindestens 3 um einen nachhaltigen Effekt zu erzielen.<\/p>\n\n\n\n<p>Dauer: Ca. 60 Minuten<\/p>\n\n\n\n<p>Preis: 109 \u20ac<\/p>\n\n\n\n<p><strong>Fruchts\u00e4urebehandlung<\/strong><\/p>\n\n\n\n<p>Bei der Fruchts\u00e4urebehandlung wird die oberste Hautschicht gepeelt und schuppt in den n\u00e4chsten Tagen meistens. Die Poren werden verfeinert, Falten erscheinen weniger tief, Pigmentflecken k\u00f6nnen gemildert werden und Hautunreinheiten und Narben k\u00f6nnen sichtbar verbessert werden.<\/p>\n\n\n\n<p>Ablauf: Reinigung, Fruchts\u00e4urepeeling, Ausreinigen von Unreinheiten, beruhigende Maske, leichte Massage, Serum je nach Hautzustand, spezielle Creme.<\/p>\n\n\n\n<p>Danach Lichtschutzfaktor 50 auftragen und 3 Tage nicht in die Sonne gehen!<\/p>\n\n\n\n<p>Dauer: ca. 60 Min.<\/p>\n\n\n\n<p>Preis: 79 \u20ac<\/p>\n\n\n\n<p><strong>Lashlifting<\/strong><\/p>\n\n\n\n<figure class=\"wp-block-image size-large is-resized\"><img loading=\"lazy\" decoding=\"async\" width=\"1024\" height=\"1024\" src=\"http:\/\/1-2-3faltenfrei.de\/wp-content\/uploads\/2020\/11\/Photo_1601397240440-1024x1024.jpg\" alt=\"\" class=\"wp-image-180\" style=\"width:361px;height:361px\" srcset=\"http:\/\/1-2-3faltenfrei.de\/wp-content\/uploads\/2020\/11\/Photo_1601397240440-1024x1024.jpg 1024w, http:\/\/1-2-3faltenfrei.de\/wp-content\/uploads\/2020\/11\/Photo_1601397240440-300x300.jpg 300w, http:\/\/1-2-3faltenfrei.de\/wp-content\/uploads\/2020\/11\/Photo_1601397240440-150x150.jpg 150w, http:\/\/1-2-3faltenfrei.de\/wp-content\/uploads\/2020\/11\/Photo_1601397240440-768x768.jpg 768w, http:\/\/1-2-3faltenfrei.de\/wp-content\/uploads\/2020\/11\/Photo_1601397240440-624x624.jpg 624w, http:\/\/1-2-3faltenfrei.de\/wp-content\/uploads\/2020\/11\/Photo_1601397240440.jpg 1080w\" sizes=\"auto, (max-width: 1024px) 100vw, 1024px\" \/><\/figure>\n\n\n\n<p>Bezaubernder Augenaufschlag f\u00fcr die, die keine k\u00fcnstlichen Wimpern haben wollen.<\/p>\n\n\n\n<p>Liften \u2013 Fixieren \u2013 F\u00e4rben \u2013 St\u00e4rken \u2013 Versiegeln<\/p>\n\n\n\n<p>Das Lashlifting ist eine spezielle Methode, den Naturwimpern einen dauerhaften, verschieden starken Schwung nach oben zu geben. Die Wimpern wirken verl\u00e4ngert und \u00f6ffnen die Augen. Im Anschlu\u00df wird nach dem F\u00e4rben durch den Keratinbooster hochwirksame Pflege aufgetragen und das Lashlifting versiegelt. Diese tolle Methode ist f\u00fcr lange, kurze, helle und dunkle Wimpern geeignet.<\/p>\n\n\n\n<p>Dauer: ca. 60 Min.<\/p>\n\n\n\n<p>Haltbarkeit: ca. 6 \u2013 8 Wochen<\/p>\n\n\n\n<p>Preis: 69 \u20ac incl. Keratinbooster und F\u00e4rben<\/p>\n\n\n\n<p><strong>Browlifting<\/strong><\/p>\n\n\n\n<figure class=\"wp-block-image size-large\"><img loading=\"lazy\" decoding=\"async\" width=\"1024\" height=\"1024\" src=\"http:\/\/1-2-3faltenfrei.de\/wp-content\/uploads\/2021\/07\/PhotoGrid_1599561927149-1024x1024.jpg\" alt=\"\" class=\"wp-image-230\" srcset=\"http:\/\/1-2-3faltenfrei.de\/wp-content\/uploads\/2021\/07\/PhotoGrid_1599561927149-1024x1024.jpg 1024w, http:\/\/1-2-3faltenfrei.de\/wp-content\/uploads\/2021\/07\/PhotoGrid_1599561927149-300x300.jpg 300w, http:\/\/1-2-3faltenfrei.de\/wp-content\/uploads\/2021\/07\/PhotoGrid_1599561927149-150x150.jpg 150w, http:\/\/1-2-3faltenfrei.de\/wp-content\/uploads\/2021\/07\/PhotoGrid_1599561927149-768x768.jpg 768w, http:\/\/1-2-3faltenfrei.de\/wp-content\/uploads\/2021\/07\/PhotoGrid_1599561927149-624x624.jpg 624w, http:\/\/1-2-3faltenfrei.de\/wp-content\/uploads\/2021\/07\/PhotoGrid_1599561927149.jpg 1080w\" sizes=\"auto, (max-width: 1024px) 100vw, 1024px\" \/><\/figure>\n\n\n\n<p>Beim Browlifting werden die eigenen Augenbrauen in Form gebracht und fixiert. Dadurch wirken sie volumin\u00f6ser, ordentlicher und gepflegter. Nach der Behandlung kann man die Augenbrauen durch hin b\u00fcrsten stylen, wie es einem gef\u00e4llt, ohne dass sie in ihre vorherige nat\u00fcrliche Form zur\u00fcck gehen.<\/p>\n\n\n\n<p>Dauer: ca. 45 Min.<\/p>\n\n\n\n<p>Haltbarkeit: ca. 4 \u2013 6 Wochen<\/p>\n\n\n\n<p>Preis: 59 \u20ac incl. F\u00e4rben und Keratinbooster<\/p>\n\n\n\n<p><strong>Kombibehandlung Lash- und Browlifting<\/strong><\/p>\n\n\n\n<figure class=\"wp-block-image size-large\"><img loading=\"lazy\" decoding=\"async\" width=\"1024\" height=\"1024\" src=\"http:\/\/1-2-3faltenfrei.de\/wp-content\/uploads\/2021\/07\/PhotoGrid_1619202718368-1-1024x1024.jpg\" alt=\"\" class=\"wp-image-228\" srcset=\"http:\/\/1-2-3faltenfrei.de\/wp-content\/uploads\/2021\/07\/PhotoGrid_1619202718368-1-1024x1024.jpg 1024w, http:\/\/1-2-3faltenfrei.de\/wp-content\/uploads\/2021\/07\/PhotoGrid_1619202718368-1-300x300.jpg 300w, http:\/\/1-2-3faltenfrei.de\/wp-content\/uploads\/2021\/07\/PhotoGrid_1619202718368-1-150x150.jpg 150w, http:\/\/1-2-3faltenfrei.de\/wp-content\/uploads\/2021\/07\/PhotoGrid_1619202718368-1-768x768.jpg 768w, http:\/\/1-2-3faltenfrei.de\/wp-content\/uploads\/2021\/07\/PhotoGrid_1619202718368-1-624x624.jpg 624w, http:\/\/1-2-3faltenfrei.de\/wp-content\/uploads\/2021\/07\/PhotoGrid_1619202718368-1.jpg 1080w\" sizes=\"auto, (max-width: 1024px) 100vw, 1024px\" \/><\/figure>\n\n\n\n<p>Preis: 119 \u20ac<\/p>\n","protected":false},"excerpt":{"rendered":"<p>BioRePeel Behandlung Die Behandlung wird mit einem patentierten innovativen und biphasischem Produkt durchgef\u00fchrt und hat einen sichtbaren Soforteffekt . Die Haut ist glatter, feiner, ebenm\u00e4\u00dfiger und das ganz ohne Schmerzen, Nebenwirkungen und Ausfallzeiten. Dieses Produkt wirkt durch die besonderen Inhaltsstoffe und Vitamine biostimulierend und revitalisierend auf die Haut und dank der exfolierenden und keratolytischen Wirkung [&hellip;]<\/p>\n","protected":false},"author":1,"featured_media":0,"parent":0,"menu_order":0,"comment_status":"closed","ping_status":"closed","template":"","meta":{"footnotes":""},"class_list":["post-106","page","type-page","status-publish","hentry"],"_links":{"self":[{"href":"http:\/\/1-2-3faltenfrei.de\/index.php?rest_route=\/wp\/v2\/pages\/106","targetHints":{"allow":["GET"]}}],"collection":[{"href":"http:\/\/1-2-3faltenfrei.de\/index.php?rest_route=\/wp\/v2\/pages"}],"about":[{"href":"http:\/\/1-2-3faltenfrei.de\/index.php?rest_route=\/wp\/v2\/types\/page"}],"author":[{"embeddable":true,"href":"http:\/\/1-2-3faltenfrei.de\/index.php?rest_route=\/wp\/v2\/users\/1"}],"replies":[{"embeddable":true,"href":"http:\/\/1-2-3faltenfrei.de\/index.php?rest_route=%2Fwp%2Fv2%2Fcomments&post=106"}],"version-history":[{"count":15,"href":"http:\/\/1-2-3faltenfrei.de\/index.php?rest_route=\/wp\/v2\/pages\/106\/revisions"}],"predecessor-version":[{"id":321,"href":"http:\/\/1-2-3faltenfrei.de\/index.php?rest_route=\/wp\/v2\/pages\/106\/revisions\/321"}],"wp:attachment":[{"href":"http:\/\/1-2-3faltenfrei.de\/index.php?rest_route=%2Fwp%2Fv2%2Fmedia&parent=106"}],"curies":[{"name":"wp","href":"https:\/\/api.w.org\/{rel}","templated":true}]}}