{"id":119,"date":"2020-07-13T10:41:33","date_gmt":"2020-07-13T10:41:33","guid":{"rendered":"http:\/\/1-2-3faltenfrei.de\/?page_id=119"},"modified":"2025-12-24T10:11:18","modified_gmt":"2025-12-24T10:11:18","slug":"preisliste","status":"publish","type":"page","link":"http:\/\/1-2-3faltenfrei.de\/?page_id=119","title":{"rendered":"Preisliste"},"content":{"rendered":"<table class=\"alignright\" border=\"1\" width=\"500px\" rules=\"NONE\" cellspacing=\"0\"><colgroup><\/colgroup> <colgroup> <col width=\"450\" \/><\/colgroup> <colgroup> <col width=\"50px\" \/><\/colgroup>\n<tbody>\n<tr>\n<td align=\"LEFT\" width=\"816\" height=\"18\">\n<h3 style=\"text-align: left;\"><strong>Gesichtsbehandlungen<\/strong><\/h3>\n<h5 style=\"text-align: left;\"><strong style=\"text-align: right; color: inherit; font-family: inherit; font-size: inherit;\">BioRePeel\u00a0 \u00a0 \u00a0 \u00a0 \u00a0 \u00a0 \u00a0 \u00a0 \u00a0 \u00a0 \u00a0 \u00a0 \u00a0 \u00a0 \u00a0 \u00a0 \u00a0 \u00a0 \u00a0 \u00a0 \u00a0 \u00a0 \u00a0 \u00a0 \u00a0 \u00a0 \u00a0 \u00a0 \u00a0 \u00a0 \u00a0 \u00a0 \u00a0 \u00a0 \u00a0 \u00a0 \u00a0 <\/strong><span style=\"text-align: right; color: inherit; font-family: inherit; font-size: inherit; font-weight: 400;\">\u00a0 \u00a0 \u00a0<\/span><span style=\"text-align: right; color: inherit; font-family: inherit; font-size: inherit; font-weight: normal;\">99,00 \u20ac<\/span><\/h5>\n<h5 style=\"text-align: left;\"><span style=\"text-align: right; color: inherit; font-family: inherit; font-size: inherit; font-weight: normal;\">Hochwirksame Behandlung bei Falten, Akne, Pigmentflecken, schwachem Bindegewebe und gro\u00dfen Poren<\/span><\/h5>\n<h5 style=\"text-align: left;\"><span style=\"color: inherit; font-family: inherit; font-size: inherit; font-weight: normal;\">Gesicht \/ K\u00f6rper je nach Gr\u00f6\u00dfe der Fl\u00e4che\u00a0<\/span><\/h5>\n<\/td>\n<td align=\"RIGHT\" valign=\"TOP\" width=\"436\">\u00a0<\/td>\n<\/tr>\n<tr>\n<td align=\"LEFT\" height=\"50\">\n<p><strong style=\"color: inherit; font-family: inherit; font-size: inherit;\">Classic<\/strong><\/p>\n<p><span style=\"color: inherit; font-family: inherit; font-size: inherit;\">Hautanalyse, Peeling, Ausreinigen, Maske, gro\u00df<\/span><span style=\"color: inherit; font-family: inherit; font-size: inherit;\">e Massage, Abschlusspflege un<\/span><span style=\"color: inherit; font-family: inherit; font-size: inherit;\">d Augenbrauenkorrektur<\/span><\/p>\n<\/td>\n<td align=\"RIGHT\" valign=\"TOP\">69,00 \u20ac<\/td>\n<\/tr>\n<tr>\n<td align=\"LEFT\" height=\"50\"><strong>Sensitiv<\/strong><br \/>bei Neurodermitis, Schuppenflechte,<br \/>empfindlicher Haut, wie Classic mit speziellen<br \/>medizinischen Produkten ohne Parfum<\/td>\n<td align=\"RIGHT\" valign=\"TOP\">69,00 \u20ac<\/td>\n<\/tr>\n<tr>\n<td align=\"LEFT\" height=\"50\"><strong>Anti Aging Behandlung<br \/><\/strong>Ablauf wie Classic mit Kaviarmaske,<br \/>gro\u00dfe Massage, Kaviarampulle, Liftingserum,<br \/>straffende Abschlusspflege und Augencreme<\/td>\n<td align=\"RIGHT\" valign=\"TOP\">79,00 \u20ac<\/td>\n<\/tr>\n<tr>\n<td align=\"LEFT\" height=\"50\"><strong>Fruchts\u00e4urebehandlung<br \/><\/strong>Porenverfeinerung, Faltengl\u00e4ttung,<br \/>Pigmentflecken, Hautunreinheiten und Narben<br \/>k\u00f6nnen sichtbar verbessert werden<\/td>\n<td align=\"RIGHT\" valign=\"TOP\">79,00 \u20ac<\/td>\n<\/tr>\n<tr>\n<td align=\"LEFT\" height=\"66\"><strong>Clean Face<br \/><\/strong>bei unreiner Haut<br \/>Hautanalyse, Peeling, intensives Ausreinigen,<br \/>spezielle Maske, Ampulle, Abschlusspflege<\/td>\n<td align=\"RIGHT\" valign=\"TOP\">55,00 \u20ac<\/td>\n<\/tr>\n<tr>\n<td align=\"LEFT\" height=\"50\">\n<p><strong>F\u00fcr Ihn<br \/><\/strong>Reinigung, Peeling, Ausreinigen, Maske,<br \/>Gesichtsmassage, Abschlusspflege, Augengel<\/p>\n<\/td>\n<td align=\"RIGHT\" valign=\"TOP\">69,00 \u20ac<\/td>\n<\/tr>\n<tr>\n<td align=\"LEFT\" height=\"18\">\n<h3>Extras nur w\u00e4hrend einer Behandlung<\/h3>\n<\/td>\n<td align=\"RIGHT\" valign=\"TOP\">\u00a0<\/td>\n<\/tr>\n<tr>\n<td align=\"LEFT\" height=\"18\">Wimpern f\u00e4rben<\/td>\n<td align=\"RIGHT\" valign=\"TOP\">11,00 \u20ac<\/td>\n<\/tr>\n<tr>\n<td align=\"LEFT\" height=\"18\">Augenbrauen f\u00e4rben<\/td>\n<td align=\"RIGHT\" valign=\"TOP\">11,00 \u20ac<\/td>\n<\/tr>\n<tr>\n<td align=\"LEFT\" height=\"18\">Augenbrauenkorrektur<\/td>\n<td align=\"RIGHT\" valign=\"TOP\">11,00 \u20ac<\/td>\n<\/tr>\n<tr>\n<td align=\"LEFT\" height=\"18\">Augen und Brauen Kombi<\/td>\n<td align=\"RIGHT\" valign=\"TOP\">29,00 \u20ac<\/td>\n<\/tr>\n<tr>\n<td align=\"LEFT\" height=\"18\">Oberlippe\/ Kinn wachsen je<\/td>\n<td align=\"RIGHT\" valign=\"TOP\">11,00 \u20ac<\/td>\n<\/tr>\n<tr>\n<td align=\"LEFT\" height=\"18\">Fu\u00dfpflege<\/td>\n<td align=\"RIGHT\" valign=\"TOP\">39,00 \u20ac<\/td>\n<\/tr>\n<tr>\n<td align=\"LEFT\" height=\"18\"><strong>Micro Needling<\/strong><\/td>\n<td align=\"RIGHT\" valign=\"TOP\">\u00a0<\/td>\n<\/tr>\n<tr>\n<td align=\"LEFT\" height=\"50\"><strong>Micro Needling Gesicht<\/strong><br \/>Peeling, Desinfektion der Haut,\u00a0<br \/>Needling, Serum, Vliesmaske, Abschlusspflege wirksam<br \/>bei unreiner Haut, Pigmentflecken, Falten, Narben<\/td>\n<td align=\"RIGHT\" valign=\"TOP\">109,00 \u20ac<\/td>\n<\/tr>\n<tr>\n<td align=\"LEFT\" height=\"18\">\n<h3>Wimpernverdichtung verschiedene Techniken<\/h3>\n<\/td>\n<td align=\"RIGHT\" valign=\"TOP\">\u00a0<\/td>\n<\/tr>\n<tr>\n<td align=\"LEFT\" height=\"18\">Neuanlage ab<\/td>\n<td align=\"RIGHT\" valign=\"TOP\">150,00 \u20ac<\/td>\n<\/tr>\n<tr>\n<td align=\"LEFT\" height=\"18\">Auff\u00fcllen in der 3. Woche ab<\/td>\n<td align=\"RIGHT\" valign=\"TOP\">40,00 \u20ac<\/td>\n<\/tr>\n<tr>\n<td align=\"LEFT\" height=\"18\">Auff\u00fcllen in der 4. Woche ab<\/td>\n<td align=\"RIGHT\" valign=\"TOP\">50,00 \u20ac<\/td>\n<\/tr>\n<tr>\n<td align=\"LEFT\" height=\"18\">Auff\u00fcllen in der 5. Woche ab<\/td>\n<td align=\"RIGHT\" valign=\"TOP\">60,00 \u20ac<\/td>\n<\/tr>\n<tr>\n<td align=\"LEFT\" height=\"18\">Auff\u00fcllen ab der 6. Woche<\/td>\n<td align=\"RIGHT\" valign=\"TOP\">wie Neuanlage<\/td>\n<\/tr>\n<tr>\n<td align=\"LEFT\" height=\"18\">\n<h3>Make up<\/h3>\n<\/td>\n<td align=\"RIGHT\" valign=\"TOP\">\u00a0<\/td>\n<\/tr>\n<tr>\n<td align=\"LEFT\" height=\"18\">Typgerechte Farb- und Schminkberatung<\/td>\n<td align=\"RIGHT\" valign=\"TOP\">139,00 \u20ac<\/td>\n<\/tr>\n<tr>\n<td align=\"LEFT\" height=\"18\">Braut-Make up inkl. Probeschminken im Studio<\/td>\n<td align=\"RIGHT\" valign=\"TOP\">149,00 \u20ac<\/td>\n<\/tr>\n<tr>\n<td align=\"LEFT\" height=\"18\">Make-up<\/td>\n<td align=\"RIGHT\" valign=\"TOP\">59,00 \u20ac<\/td>\n<\/tr>\n<tr>\n<td align=\"LEFT\" height=\"18\">\n<h3>Permanent Make up<\/h3>\n<\/td>\n<td align=\"RIGHT\" valign=\"TOP\">\u00a0<\/td>\n<\/tr>\n<tr>\n<td align=\"LEFT\" height=\"18\">Lidstrich oben<\/td>\n<td align=\"RIGHT\" valign=\"TOP\">180,00 \u20ac<\/td>\n<\/tr>\n<tr>\n<td align=\"LEFT\" height=\"18\">Lidstrich unten<\/td>\n<td align=\"RIGHT\" valign=\"TOP\">180,00 \u20ac<\/td>\n<\/tr>\n<tr>\n<td align=\"LEFT\" height=\"18\">Lidstrich oben und unten<\/td>\n<td align=\"RIGHT\" valign=\"TOP\">320,00 \u20ac<\/td>\n<\/tr>\n<tr>\n<td align=\"LEFT\" height=\"18\">Augenbrauen H\u00e4rchenzeichnung<\/td>\n<td align=\"RIGHT\" valign=\"TOP\">290,00 \u20ac<\/td>\n<\/tr>\n<tr>\n<td align=\"LEFT\" height=\"18\">Lippen mit Schattierung<\/td>\n<td align=\"RIGHT\" valign=\"TOP\">320,00 \u20ac<\/td>\n<\/tr>\n<tr>\n<td align=\"LEFT\" height=\"18\">Lippenkontur<\/td>\n<td align=\"RIGHT\" valign=\"TOP\">280,00 \u20ac<\/td>\n<\/tr>\n<tr>\n<td align=\"LEFT\" height=\"18\">\u00a0<\/td>\n<td align=\"RIGHT\" valign=\"TOP\">\n<p>&nbsp;<\/p>\n<p>&nbsp;<\/p>\n<\/td>\n<\/tr>\n<\/tbody>\n<\/table>\n\n\n<div class=\"wp-block-columns is-layout-flex wp-container-core-columns-is-layout-9d6595d7 wp-block-columns-is-layout-flex\">\n<div class=\"wp-block-column is-layout-flow wp-block-column-is-layout-flow\"><\/div>\n\n\n\n<div class=\"wp-block-column is-layout-flow wp-block-column-is-layout-flow\"><\/div>\n<\/div>\n","protected":false},"excerpt":{"rendered":"<p>Gesichtsbehandlungen BioRePeel\u00a0 \u00a0 \u00a0 \u00a0 \u00a0 \u00a0 \u00a0 \u00a0 \u00a0 \u00a0 \u00a0 \u00a0 \u00a0 \u00a0 \u00a0 \u00a0 \u00a0 \u00a0 \u00a0 \u00a0 \u00a0 \u00a0 \u00a0 \u00a0 \u00a0 \u00a0 \u00a0 \u00a0 \u00a0 \u00a0 \u00a0 \u00a0 \u00a0 \u00a0 \u00a0 \u00a0 \u00a0 \u00a0 \u00a0 \u00a099,00 \u20ac Hochwirksame Behandlung bei Falten, Akne, Pigmentflecken, schwachem Bindegewebe und gro\u00dfen Poren Gesicht \/ [&hellip;]<\/p>\n","protected":false},"author":1,"featured_media":0,"parent":0,"menu_order":0,"comment_status":"closed","ping_status":"closed","template":"","meta":{"footnotes":""},"class_list":["post-119","page","type-page","status-publish","hentry"],"_links":{"self":[{"href":"http:\/\/1-2-3faltenfrei.de\/index.php?rest_route=\/wp\/v2\/pages\/119","targetHints":{"allow":["GET"]}}],"collection":[{"href":"http:\/\/1-2-3faltenfrei.de\/index.php?rest_route=\/wp\/v2\/pages"}],"about":[{"href":"http:\/\/1-2-3faltenfrei.de\/index.php?rest_route=\/wp\/v2\/types\/page"}],"author":[{"embeddable":true,"href":"http:\/\/1-2-3faltenfrei.de\/index.php?rest_route=\/wp\/v2\/users\/1"}],"replies":[{"embeddable":true,"href":"http:\/\/1-2-3faltenfrei.de\/index.php?rest_route=%2Fwp%2Fv2%2Fcomments&post=119"}],"version-history":[{"count":21,"href":"http:\/\/1-2-3faltenfrei.de\/index.php?rest_route=\/wp\/v2\/pages\/119\/revisions"}],"predecessor-version":[{"id":337,"href":"http:\/\/1-2-3faltenfrei.de\/index.php?rest_route=\/wp\/v2\/pages\/119\/revisions\/337"}],"wp:attachment":[{"href":"http:\/\/1-2-3faltenfrei.de\/index.php?rest_route=%2Fwp%2Fv2%2Fmedia&parent=119"}],"curies":[{"name":"wp","href":"https:\/\/api.w.org\/{rel}","templated":true}]}}