{"id":156,"date":"2020-07-14T10:23:55","date_gmt":"2020-07-14T10:23:55","guid":{"rendered":"http:\/\/1-2-3faltenfrei.de\/?page_id=156"},"modified":"2020-07-14T10:23:55","modified_gmt":"2020-07-14T10:23:55","slug":"kontakt","status":"publish","type":"page","link":"https:\/\/1-2-3faltenfrei.de\/?page_id=156","title":{"rendered":"Kontakt"},"content":{"rendered":"\n<p>Mein Studio finden Sie zentrumsnah. Folgen Sie der Ruselstrasse stadtausw\u00e4rts bis zum Ortsende &#8211; Schild &#8222;Deggendorf&#8220;.<br>Kurz davor biegen Sie links in die Theodor-Eckert-Stra\u00dfe ab; anschlie\u00dfend die Zweite links abbiegen. Kurz danach befindet sich das Studio auf der linken Stra\u00dfenseite.<br>Sie k\u00f6nnen unkompliziert an der Stra\u00dfe direkt vor dem Studio parken.<\/p>\n\n\n\n<p>Kosmetik &amp; Wimpern<br>Sabine Soller<br>R\u00f6rerstra\u00dfe 54<br>94469 Deggendorf<br>Telefon: 0991 &#8211; 23687<\/p>\n\n\n\n<figure><iframe loading=\"lazy\" src=\"https:\/\/www.google.com\/maps\/embed?pb=!1m18!1m12!1m3!1d2625.502372864891!2d12.97378131611016!3d48.84862997928654!2m3!1f0!2f0!3f0!3m2!1i1024!2i768!4f13.1!3m3!1m2!1s0x47751110fe4afee9%3A0x45154c5c965be2ea!2sR%C3%B6rerstra%C3%9Fe%2054%2C%2094469%20Deggendorf!5e0!3m2!1sde!2sde!4v1594722121830!5m2!1sde!2sde\" allowfullscreen=\"\" width=\"600\" height=\"450\"><\/iframe><\/figure>\n","protected":false},"excerpt":{"rendered":"<p>Mein Studio finden Sie zentrumsnah. Folgen Sie der Ruselstrasse stadtausw\u00e4rts bis zum Ortsende &#8211; Schild &#8222;Deggendorf&#8220;.Kurz davor biegen Sie links in die Theodor-Eckert-Stra\u00dfe ab; anschlie\u00dfend die Zweite links abbiegen. Kurz danach befindet sich das Studio auf der linken Stra\u00dfenseite.Sie k\u00f6nnen unkompliziert an der Stra\u00dfe direkt vor dem Studio parken. Kosmetik &amp; WimpernSabine SollerR\u00f6rerstra\u00dfe 5494469 DeggendorfTelefon: [&hellip;]<\/p>\n","protected":false},"author":1,"featured_media":0,"parent":0,"menu_order":0,"comment_status":"closed","ping_status":"closed","template":"","meta":{"footnotes":""},"class_list":["post-156","page","type-page","status-publish","hentry"],"_links":{"self":[{"href":"https:\/\/1-2-3faltenfrei.de\/index.php?rest_route=\/wp\/v2\/pages\/156","targetHints":{"allow":["GET"]}}],"collection":[{"href":"https:\/\/1-2-3faltenfrei.de\/index.php?rest_route=\/wp\/v2\/pages"}],"about":[{"href":"https:\/\/1-2-3faltenfrei.de\/index.php?rest_route=\/wp\/v2\/types\/page"}],"author":[{"embeddable":true,"href":"https:\/\/1-2-3faltenfrei.de\/index.php?rest_route=\/wp\/v2\/users\/1"}],"replies":[{"embeddable":true,"href":"https:\/\/1-2-3faltenfrei.de\/index.php?rest_route=%2Fwp%2Fv2%2Fcomments&post=156"}],"version-history":[{"count":1,"href":"https:\/\/1-2-3faltenfrei.de\/index.php?rest_route=\/wp\/v2\/pages\/156\/revisions"}],"predecessor-version":[{"id":157,"href":"https:\/\/1-2-3faltenfrei.de\/index.php?rest_route=\/wp\/v2\/pages\/156\/revisions\/157"}],"wp:attachment":[{"href":"https:\/\/1-2-3faltenfrei.de\/index.php?rest_route=%2Fwp%2Fv2%2Fmedia&parent=156"}],"curies":[{"name":"wp","href":"https:\/\/api.w.org\/{rel}","templated":true}]}}