{"id":209,"date":"2021-03-16T19:04:39","date_gmt":"2021-03-16T19:04:39","guid":{"rendered":"http:\/\/1-2-3faltenfrei.de\/?page_id=209"},"modified":"2024-10-15T09:16:23","modified_gmt":"2024-10-15T09:16:23","slug":"agb","status":"publish","type":"page","link":"https:\/\/1-2-3faltenfrei.de\/?page_id=209","title":{"rendered":"AGB"},"content":{"rendered":"\n<p><strong>Allgemeine Gesch\u00e4ftsbedingungen &#8211; AGB<\/strong><\/p>\n\n\n\n<p><strong>Kosmetik &amp; Wimpern Sabine Soller und LiniLashes &amp; Beauty <\/strong><\/p>\n\n\n\n<p class=\"has-small-font-size\"><strong>G\u00fcltig ab Oktober 2024<\/strong><\/p>\n\n\n\n<p><strong>1<\/strong>.<strong>Allgemeines<\/strong><br>Diese Bedingungen betreffen alle Transaktionen, Vertr\u00e4ge und Angebote, wie die Dienstleistungen und den Verkauf von Produkten, die zwischen Kosmetik &amp; Wimpern Sabine Soller oder LiniLashes &amp; Beauty und dem Kunden zustande kommen bzw. geschlossen werden. Ausnahmen von Transaktionen, die nicht unter die AGB fallen, bed\u00fcrfen der Mitteilung in schriftlicher Form.<br><br><strong>2. Dienstleistung<\/strong><br>Der Dienstleister Kosmetik &amp; Wimpern Sabine Soller oder LiniLashes &amp; Beauty f\u00fchrt seine Dienstleistung nach bestem Wissen und Gewissen und nach dem neuesten Standard der Industrie am Kunden aus. Sollten \u00c4nderungen der Standards auftreten, wird der Dienstleister dem Kunden noch vor Beginn der Leistung davon in Kenntnis setzen.<br><br><strong>3. Terminvereinbarung<\/strong><br>Termine werden vom Studio verbindlich vergeben. Sollte eine Absage bzw. ein Verschieben eines best\u00e4tigten Termins von N\u00f6ten sein, sollte der Kunde dies rechtzeitig und sobald als m\u00f6glich &#8211; mindestens 24 Stunden vor dem Termin &#8211; mitteilen. Sollte der Termin nicht rechtzeitig oder gar nicht abgesagt werden, hat der Dienstleister das Recht, den Verdienstausfall dem Kunden in Rechnung zu stellen. Hier werden 70 % des g\u00fcltigen Preises dem Kunden berechnet. Bei mehr als 15 Minuten Versp\u00e4tung zum Termin kann der Termin nicht mehr wahrgenommen werden. Somit wird der Termin mit 70% vom Preis berechnet. Im Falle einer Krankheit der\/des Kundin\/Kunden (Absage bei weniger als 24 Stunden), ist eine schnellstm\u00f6gliche Absage erw\u00fcnscht. Der Termin wird im Krankheitsfall nicht berechnet, wenn dieser <strong><em>telefonisch<\/em><\/strong> mind. 24 Stunden vorher abgesagt wurde und ein Folgetermin innerhalb 14 Tagen stattfindet oder eine Krankmeldung des Arztes vorliegt. Ansonsten werden auch hier wie oben 70% als Terminausfall berechnet.<\/p>\n\n\n\n<p><strong>Termine f\u00fcr Neukundinnen werden erst nach einer Anzahlung von 50 % f\u00fcr Behandlungen und 50 \u20ac f\u00fcr Wimpernverl\u00e4ngerung verbindlich reserviert. <\/strong><\/p>\n\n\n\n<p><br><strong>4. Preise<\/strong><br>Die Preise f\u00fcr Dienstleistungen und Produkte sind im Studio zu ver\u00f6ffentlichen.  Angebote sind nur in dem ver\u00f6ffentlichten Zeitraum g\u00fcltig und gelten solange der Vorrat reicht. Der Kunde muss direkt im Anschluss der Behandlung, bzw. direkt beim Kauf f\u00fcr den Service bzw. das Produkt bezahlen. Es ist nur Barzahlung bei Behandlungen oder Bar- oder Kartenzahlung beim Kauf von Produkten m\u00f6glich. Sofern eine Barzahlung nicht stattfindet, muss der Kunde dem Studio das Geld binnen 24 Stunden in Bar bringen, \u00fcberweisen oder per Bankkarte bezahlen.&nbsp; Zudem wird hierf\u00fcr eine Bearbeitungsgeb\u00fchr von mindestens \u20ac 5,00 f\u00e4llig. Nicht gezahlte Leistungen werden zur Anzeige gebracht. &nbsp;&nbsp;<br><br><strong>5. Pers\u00f6nliche Daten und Privatsph\u00e4re<\/strong><br>Der Kunde versichert alle pers\u00f6nlichen Daten und Informationen, die relevant f\u00fcr die professionelle Behandlung der geforderten Dienstleistung sind, an das Studio und\/oder den Dienstleister weiterzugeben. Diese Daten werden auf der Kundenkarteikarte in schriftlicher Form gespeichert. Das Studio bzw. der Dienstleister verpflichtet sich, diese Daten nur f\u00fcr den Zweck der zu erbringenden Dienstleistung unter Ber\u00fccksichtigung der Datenschutzklauseln einzusetzen und die Daten nicht an Dritte oder au\u00dfenstehende Personen weiterzugeben ohne schriftliche Einwilligung des Kunden.<\/p>\n\n\n\n<p><br><strong>6. Vertraulichkeit<\/strong><br>Die Inhaberin des Kosmetikstudios ist verpflichtet, alle Informationen, die w\u00e4hrend der Behandlung oder dem Service besprochen wurden, geheim zu halten und vertraulich zu behandeln. Informationen werden als vertraulich eingestuft, wenn der Kunde dies zum Ausdruck bringt, bzw. wenn dies aus dem Inhalt der Informationen zu folgern ist. Die Vertraulichkeit wird au\u00dfer Kraft gesetzt, wenn dies von Rechtswegen entschieden wird und das Studio von der Vertraulichkeitsklausel entbunden wird.<\/p>\n\n\n\n<p><strong>7. Haftung<\/strong><br>Das Studio, seine Angestellten und die Gesch\u00e4ftsleitung k\u00f6nnen keine Haftung \u00fcbernehmen, wenn der Kunde durch eine Dienstleistung zu Schaden kommt, die auf vom Kunden gelieferten Informationen beruht und sich diese als unzureichend herausstellen. Dies bezieht sich vor allen Dingen, aber nicht ausschlie\u00dflich, auf physische Bedingungen, medizinische oder medikament\u00f6se Voraussetzungen oder Aktivit\u00e4ten au\u00dferhalb des Studios. Das Kosmetikstudio ist nicht verantwortlich f\u00fcr den Verlust oder die Zerst\u00f6rung pers\u00f6nlichen Gegenst\u00e4nden und von Besitz des Kunden die (der) mit in das Studio gebracht wurden (wurde).<br><br><strong>8. Besch\u00e4digung und Diebstahl<br><\/strong>Das Studio hat das Recht f\u00fcr alle vom Kunden verursachten Sch\u00e4den eine Wiedergutmachung zu fordern. Ladendiebst\u00e4hle werden zur Anzeige gebracht.<br><br><strong>9. Wimpern<\/strong><br>Das Urheberrecht f\u00fcr das Design verbleibt beim Studio. Sollte der Kunde vom erstellten Design Fotografien anfertigen lassen, die f\u00fcr kommerzielle Zwecke verwendet werden sollten, bedarf dies der schriftlichen Einverst\u00e4ndniserkl\u00e4rung durch das Studio, bzw. deren Gesch\u00e4ftsleitung. Bei Unterlassen kann das Studio angemessene Anspr\u00fcche geltend machen.<\/p>\n\n\n\n<p><strong>10. Gutscheine<\/strong><br>Gutscheine sind 3 Jahre gem\u00e4\u00df der gesetzlich vorgeschriebenen Frist g\u00fcltig. Ein Geschenkgutschein kann sowohl f\u00fcr Behandlungen als auch f\u00fcr Produktk\u00e4ufe genutzt werden. Barauszahlungen sind nicht m\u00f6glich. Eventuelle Restbetr\u00e4ge schreiben wir Ihrem Kundenkonto gut.<\/p>\n\n\n\n<p><strong>11. Verhaltensweisen<\/strong><br>Der Kunde verpflichtet sich w\u00e4hrend seines Besuchs im Studio eine angemessene Verhaltensweise an den Tag zu legen. Sollte der Kunde selbst nach einer Verwarnung weiterhin nicht angemessen verhalten, hat die Gesch\u00e4ftsleitung das Recht, den Kunden aus dem Studio zu verweisen und gegebenenfalls ein Hausverbot auszusprechen.<\/p>\n\n\n\n<p><br><strong>12. Gerichtsstand<\/strong><br>F\u00fcr die gerichtliche Kl\u00e4rung von Unstimmigkeiten, ist der Gerichtsstand der Ort des Studios in 94469 Deggendorf.&nbsp;<\/p>\n\n\n\n<p><strong>13. Salvatorische Klausel<\/strong><br>Sollten einzelne Bestimmungen dieses Vertrages unwirksam oder undurchf\u00fchrbar sein bzw. nach Vertragsschluss unwirksam oder undurchf\u00fchrbar werden, so wird dadurch die Wirksamkeit des Vertrags im \u00dcbrigen nicht ber\u00fchrt. Anstelle der unwirksamen oder undurchf\u00fchrbaren Bestimmung soll diejenige wirksame und durchf\u00fchrbare Regelung in Kraft treten, deren Wirkungen der wirtschaftlichen Zielsetzung m\u00f6glichst nahe kommt, die die Vertragsparteien mit der unwirksamen beziehungsweise undurchf\u00fchrbaren Bestimmung verfolgt haben. Die vorstehenden Bestimmungen gelten also entsprechend f\u00fcr den Fall, dass sich der Vertrag als l\u00fcckenhaft erweist.<\/p>\n\n\n\n<p><strong>Kosmetik &amp; Wimpern Sabine Soller<\/strong> <strong>und LiniLashes &amp; Beauty <\/strong><br><strong>R\u00f6rerstr. 54<\/strong><br><strong>94469 Deggendorf<\/strong><br><strong>Tel. 0991 \u2013 23687<\/strong><br><a href=\"mailto:kosmetik.soller@gmx.de\">kosmetik.soller@gmx.de<\/a><br>www.kosmetik-soller.de<\/p>\n","protected":false},"excerpt":{"rendered":"<p>Allgemeine Gesch\u00e4ftsbedingungen &#8211; AGB Kosmetik &amp; Wimpern Sabine Soller und LiniLashes &amp; Beauty G\u00fcltig ab Oktober 2024 1.AllgemeinesDiese Bedingungen betreffen alle Transaktionen, Vertr\u00e4ge und Angebote, wie die Dienstleistungen und den Verkauf von Produkten, die zwischen Kosmetik &amp; Wimpern Sabine Soller oder LiniLashes &amp; Beauty und dem Kunden zustande kommen bzw. geschlossen werden. Ausnahmen von Transaktionen, [&hellip;]<\/p>\n","protected":false},"author":1,"featured_media":0,"parent":0,"menu_order":0,"comment_status":"closed","ping_status":"closed","template":"","meta":{"footnotes":""},"class_list":["post-209","page","type-page","status-publish","hentry"],"_links":{"self":[{"href":"https:\/\/1-2-3faltenfrei.de\/index.php?rest_route=\/wp\/v2\/pages\/209","targetHints":{"allow":["GET"]}}],"collection":[{"href":"https:\/\/1-2-3faltenfrei.de\/index.php?rest_route=\/wp\/v2\/pages"}],"about":[{"href":"https:\/\/1-2-3faltenfrei.de\/index.php?rest_route=\/wp\/v2\/types\/page"}],"author":[{"embeddable":true,"href":"https:\/\/1-2-3faltenfrei.de\/index.php?rest_route=\/wp\/v2\/users\/1"}],"replies":[{"embeddable":true,"href":"https:\/\/1-2-3faltenfrei.de\/index.php?rest_route=%2Fwp%2Fv2%2Fcomments&post=209"}],"version-history":[{"count":6,"href":"https:\/\/1-2-3faltenfrei.de\/index.php?rest_route=\/wp\/v2\/pages\/209\/revisions"}],"predecessor-version":[{"id":306,"href":"https:\/\/1-2-3faltenfrei.de\/index.php?rest_route=\/wp\/v2\/pages\/209\/revisions\/306"}],"wp:attachment":[{"href":"https:\/\/1-2-3faltenfrei.de\/index.php?rest_route=%2Fwp%2Fv2%2Fmedia&parent=209"}],"curies":[{"name":"wp","href":"https:\/\/api.w.org\/{rel}","templated":true}]}}