{"id":59,"date":"2020-03-10T12:07:03","date_gmt":"2020-03-10T12:07:03","guid":{"rendered":"http:\/\/1-2-3faltenfrei.de\/?page_id=59"},"modified":"2023-03-27T19:08:25","modified_gmt":"2023-03-27T19:08:25","slug":"herzlich-willkommen","status":"publish","type":"page","link":"https:\/\/1-2-3faltenfrei.de\/?page_id=59","title":{"rendered":"Herzlich Willkommen"},"content":{"rendered":"\n<p><strong>bei Kosmetik &amp;&nbsp;Wimpern Sabine Soller<\/strong><\/p>\n\n\n\n<p>Ich biete&nbsp;Ihnen Entspannung und&nbsp;Erholung in einem&nbsp;ganzheitlichen Kosmetikstudio mit speziellen Gesichts- und K\u00f6rperbehandlungen f\u00fcr Sie und Ihn, Permanent-Make-up, &nbsp;professionelles Braut-, Tages- sowie Foto-Make-up, professioneller Wimpernverl\u00e4ngerung&nbsp;und -verdichtung&nbsp;und intensiver Beratung&nbsp;<\/p>\n\n\n\n<p>Durch meine eigenen Hauterkrankungen und nach vielen erfolglosen Terminen bei verschiedenen Haut\u00e4rzten habe ich mich auf erkrankte und empfindliche Haut spezialisiert und m\u00f6chte Ihnen meine Erfahrungen und mein Wissen \u00fcbermitteln.<br>Ich wei\u00df, wie Sie sich f\u00fchlen und wie deprimierend ein unsch\u00f6nes Hautbild sein kann.&nbsp;<\/p>\n\n\n<div class=\"wp-block-image\">\n<figure class=\"aligncenter size-large\"><img loading=\"lazy\" decoding=\"async\" width=\"1024\" height=\"1024\" src=\"http:\/\/1-2-3faltenfrei.de\/wp-content\/uploads\/2021\/07\/PhotoGrid_1627477112670-1024x1024.jpg\" alt=\"\" class=\"wp-image-222\" srcset=\"https:\/\/1-2-3faltenfrei.de\/wp-content\/uploads\/2021\/07\/PhotoGrid_1627477112670-1024x1024.jpg 1024w, https:\/\/1-2-3faltenfrei.de\/wp-content\/uploads\/2021\/07\/PhotoGrid_1627477112670-300x300.jpg 300w, https:\/\/1-2-3faltenfrei.de\/wp-content\/uploads\/2021\/07\/PhotoGrid_1627477112670-150x150.jpg 150w, https:\/\/1-2-3faltenfrei.de\/wp-content\/uploads\/2021\/07\/PhotoGrid_1627477112670-768x768.jpg 768w, https:\/\/1-2-3faltenfrei.de\/wp-content\/uploads\/2021\/07\/PhotoGrid_1627477112670-624x624.jpg 624w, https:\/\/1-2-3faltenfrei.de\/wp-content\/uploads\/2021\/07\/PhotoGrid_1627477112670.jpg 1080w\" sizes=\"auto, (max-width: 1024px) 100vw, 1024px\" \/><\/figure>\n<\/div>\n\n\n<p>Mein&nbsp;Markenzeichen ist&nbsp;meine&nbsp;intensive Beratung und die Behandlung zur Gesunderhaltung Ihrer Haut. &nbsp;Erleben Sie in einer entspannten Atmosph\u00e4re voller Harmonie wie sich Ihre Haut verbessert. Das Ergebnis:<br>Sie erhalten eine ganz neue Haut &#8211; rein, klar, zart, weich und prall.&nbsp;<\/p>\n\n\n\n<p>Meine&nbsp;Behandlungen, die genau auf Ihr Hautbild und Ihren Hautzustand abgestimmt werden, sind qualitativ auf h\u00f6chstem Niveau. Sie werden mit einer zonengenauen Analyse professionell und intensiv zum Zustand&nbsp;Ihrer Haut beraten.&nbsp;<\/p>\n\n\n\n<p>Ausserdem werden&nbsp;hochwertige Produkte der Firmen&nbsp;<strong>La mer<\/strong> und <strong>Aloe Vera Tratz <\/strong>verwendet. <\/p>\n\n\n\n<p><strong>La Mer<\/strong> verwendet u. a. hochwertige&nbsp;<strong>nat\u00fcrliche \u00d6le, Hyaluron, Panthenol<\/strong>&nbsp;und Inhaltsstoffe aus dem Meer wie&nbsp;<strong>Algen, Meeresschlickextrakt, Meersalz&nbsp;<\/strong>und verschiedene&nbsp;<strong>Mineralstoffe<\/strong>&nbsp;ihre volle Wirkung auf Ihrer Haut entfalten.<\/p>\n\n\n\n<p>In den Produkten von <strong>Aloe Vera Tratz<\/strong> ist als Hauptwirkstoff in allen Produkten <strong>Aloe<\/strong> <strong>Vera<\/strong> von h\u00f6chster Quait\u00e4t enthalten sowie z. B. <strong>Rose, Hagebutte, Passionsblume, Zaubernuss, Seide, Shea, Pfirsich, Jojoba, Macadamia, Avocado, Mahonia, Spitzwegerich, Weidenrinde, Traubenkern\u00f6l, Eichenmoos, Algen, Kastanie, Oryza Sativa , Hyaluron<\/strong> u. v. m. <\/p>\n\n\n\n<p>Die Produkte von <strong>La Mer Cosmetic<\/strong> sind<\/p>\n\n\n\n<ol class=\"wp-block-list\">\n<li><strong>frei von Konservierungsmitteln&nbsp;<\/strong><\/li>\n\n\n\n<li><strong>frei von Parf\u00fcm&nbsp;<\/strong><\/li>\n\n\n\n<li><strong>frei von Farbstoffen&nbsp;<\/strong><\/li>\n\n\n\n<li><strong>frei von Paraffin\u00f6l&nbsp;<\/strong><\/li>\n\n\n\n<li><strong>ohne Silikon&nbsp;<\/strong><\/li>\n\n\n\n<li><strong>ohne PEG (Polyethylen Glycol)<\/strong><\/li>\n\n\n\n<li><strong>ohne Tierversuche<\/strong><\/li>\n<\/ol>\n\n\n\n<p>Denn die Gesundheit und Gesunderhaltung&nbsp;Ihrer Haut liegt mir am&nbsp;Herzen!&nbsp;<\/p>\n\n\n\n<p>Ich freue mich auf Sie!<\/p>\n\n\n\n<p>Ihre Sabine Soller<\/p>\n","protected":false},"excerpt":{"rendered":"<p>bei Kosmetik &amp;&nbsp;Wimpern Sabine Soller Ich biete&nbsp;Ihnen Entspannung und&nbsp;Erholung in einem&nbsp;ganzheitlichen Kosmetikstudio mit speziellen Gesichts- und K\u00f6rperbehandlungen f\u00fcr Sie und Ihn, Permanent-Make-up, &nbsp;professionelles Braut-, Tages- sowie Foto-Make-up, professioneller Wimpernverl\u00e4ngerung&nbsp;und -verdichtung&nbsp;und intensiver Beratung&nbsp; Durch meine eigenen Hauterkrankungen und nach vielen erfolglosen Terminen bei verschiedenen Haut\u00e4rzten habe ich mich auf erkrankte und empfindliche Haut spezialisiert und m\u00f6chte [&hellip;]<\/p>\n","protected":false},"author":1,"featured_media":0,"parent":0,"menu_order":0,"comment_status":"closed","ping_status":"closed","template":"","meta":{"footnotes":""},"class_list":["post-59","page","type-page","status-publish","hentry"],"_links":{"self":[{"href":"https:\/\/1-2-3faltenfrei.de\/index.php?rest_route=\/wp\/v2\/pages\/59","targetHints":{"allow":["GET"]}}],"collection":[{"href":"https:\/\/1-2-3faltenfrei.de\/index.php?rest_route=\/wp\/v2\/pages"}],"about":[{"href":"https:\/\/1-2-3faltenfrei.de\/index.php?rest_route=\/wp\/v2\/types\/page"}],"author":[{"embeddable":true,"href":"https:\/\/1-2-3faltenfrei.de\/index.php?rest_route=\/wp\/v2\/users\/1"}],"replies":[{"embeddable":true,"href":"https:\/\/1-2-3faltenfrei.de\/index.php?rest_route=%2Fwp%2Fv2%2Fcomments&post=59"}],"version-history":[{"count":10,"href":"https:\/\/1-2-3faltenfrei.de\/index.php?rest_route=\/wp\/v2\/pages\/59\/revisions"}],"predecessor-version":[{"id":288,"href":"https:\/\/1-2-3faltenfrei.de\/index.php?rest_route=\/wp\/v2\/pages\/59\/revisions\/288"}],"wp:attachment":[{"href":"https:\/\/1-2-3faltenfrei.de\/index.php?rest_route=%2Fwp%2Fv2%2Fmedia&parent=59"}],"curies":[{"name":"wp","href":"https:\/\/api.w.org\/{rel}","templated":true}]}}