{"id":74,"date":"2020-05-28T08:33:21","date_gmt":"2020-05-28T08:33:21","guid":{"rendered":"http:\/\/1-2-3faltenfrei.de\/?page_id=74"},"modified":"2024-12-04T19:39:16","modified_gmt":"2024-12-04T19:39:16","slug":"wimpernverlaengerung","status":"publish","type":"page","link":"https:\/\/1-2-3faltenfrei.de\/?page_id=74","title":{"rendered":"Wimpernverl\u00e4ngerung"},"content":{"rendered":"\n<p><img loading=\"lazy\" decoding=\"async\" width=\"500\" height=\"388\" class=\"wp-image-83\" style=\"width: 500px;\" src=\"http:\/\/1-2-3faltenfrei.de\/wp-content\/uploads\/2020\/07\/wimpern.jpg\" alt=\"\" srcset=\"https:\/\/1-2-3faltenfrei.de\/wp-content\/uploads\/2020\/07\/wimpern.jpg 580w, https:\/\/1-2-3faltenfrei.de\/wp-content\/uploads\/2020\/07\/wimpern-300x233.jpg 300w\" sizes=\"auto, (max-width: 500px) 100vw, 500px\" \/><br>Lange, nat\u00fcrlich geschwungene und dichte Wimpern <\/p>\n\n\n\n<p>Der Traum jeder Frau!<\/p>\n\n\n\n<p>Wimpernverl\u00e4ngerung ist&nbsp;das&nbsp;meist gew\u00e4hlte System f\u00fcr permanente Wimpernverl\u00e4ngerung und -verdichtung mit Einzelwimpern und mittlerweile ein Must-Have geworden.<\/p>\n\n\n\n<ul class=\"wp-block-list\">\n<li>Permanente Wimpernverl\u00e4ngerung\/ -verdichtung\u00a0<\/li>\n\n\n\n<li>Verdichtet und verl\u00e4ngert die Wimpern sofort<\/li>\n\n\n\n<li>Angenehmer Tragekomfort, sowie entspannende und schmerzfreie Applikation\u00a0<\/li>\n\n\n\n<li>Toller\u00a0Look, auf Mascara kann nun verzichtet werden\u00a0<\/li>\n\n\n\n<li>Keine Beeintr\u00e4chtigung der gewohnten Lebensweise, wasser- und kosmetikbest\u00e4ndig\u00a0<\/li>\n<\/ul>\n\n\n\n<p>Seit&nbsp;\u00fcber 5 Jahren bin ich als zertifizierte Lash Stylistin t\u00e4tig und kann Ihnen&nbsp;<\/p>\n\n\n\n<p>1:1 TECHNIK und VOLUMENTECHNIK<\/p>\n\n\n\n<p>anbieten.&nbsp;<\/p>\n\n\n\n<p>Zur Auswahl&nbsp;habe ich&nbsp;verschiedenste Wimpern, auch farbige Hifhlights k\u00f6nnen gesetzt werden.<\/p>\n\n\n\n<p>Sie werden begeistert sein!<\/p>\n","protected":false},"excerpt":{"rendered":"<p>Lange, nat\u00fcrlich geschwungene und dichte Wimpern Der Traum jeder Frau! Wimpernverl\u00e4ngerung ist&nbsp;das&nbsp;meist gew\u00e4hlte System f\u00fcr permanente Wimpernverl\u00e4ngerung und -verdichtung mit Einzelwimpern und mittlerweile ein Must-Have geworden. Seit&nbsp;\u00fcber 5 Jahren bin ich als zertifizierte Lash Stylistin t\u00e4tig und kann Ihnen&nbsp; 1:1 TECHNIK und VOLUMENTECHNIK anbieten.&nbsp; Zur Auswahl&nbsp;habe ich&nbsp;verschiedenste Wimpern, auch farbige Hifhlights k\u00f6nnen gesetzt werden. Sie [&hellip;]<\/p>\n","protected":false},"author":1,"featured_media":0,"parent":0,"menu_order":0,"comment_status":"closed","ping_status":"closed","template":"","meta":{"footnotes":""},"class_list":["post-74","page","type-page","status-publish","hentry"],"_links":{"self":[{"href":"https:\/\/1-2-3faltenfrei.de\/index.php?rest_route=\/wp\/v2\/pages\/74","targetHints":{"allow":["GET"]}}],"collection":[{"href":"https:\/\/1-2-3faltenfrei.de\/index.php?rest_route=\/wp\/v2\/pages"}],"about":[{"href":"https:\/\/1-2-3faltenfrei.de\/index.php?rest_route=\/wp\/v2\/types\/page"}],"author":[{"embeddable":true,"href":"https:\/\/1-2-3faltenfrei.de\/index.php?rest_route=\/wp\/v2\/users\/1"}],"replies":[{"embeddable":true,"href":"https:\/\/1-2-3faltenfrei.de\/index.php?rest_route=%2Fwp%2Fv2%2Fcomments&post=74"}],"version-history":[{"count":5,"href":"https:\/\/1-2-3faltenfrei.de\/index.php?rest_route=\/wp\/v2\/pages\/74\/revisions"}],"predecessor-version":[{"id":327,"href":"https:\/\/1-2-3faltenfrei.de\/index.php?rest_route=\/wp\/v2\/pages\/74\/revisions\/327"}],"wp:attachment":[{"href":"https:\/\/1-2-3faltenfrei.de\/index.php?rest_route=%2Fwp%2Fv2%2Fmedia&parent=74"}],"curies":[{"name":"wp","href":"https:\/\/api.w.org\/{rel}","templated":true}]}}