{"id":88,"date":"2020-07-10T09:57:25","date_gmt":"2020-07-10T09:57:25","guid":{"rendered":"http:\/\/1-2-3faltenfrei.de\/?page_id=88"},"modified":"2020-12-07T14:31:01","modified_gmt":"2020-12-07T14:31:01","slug":"produkte","status":"publish","type":"page","link":"https:\/\/1-2-3faltenfrei.de\/?page_id=88","title":{"rendered":"&#8222;La mer&#8220;"},"content":{"rendered":"\n<p><img loading=\"lazy\" decoding=\"async\" width=\"700\" height=\"226\" class=\"wp-image-90\" src=\"http:\/\/1-2-3faltenfrei.de\/wp-content\/uploads\/2020\/07\/lamer-top.jpg\" alt=\"\" style=\"width: 700px;\" srcset=\"https:\/\/1-2-3faltenfrei.de\/wp-content\/uploads\/2020\/07\/lamer-top.jpg 600w, https:\/\/1-2-3faltenfrei.de\/wp-content\/uploads\/2020\/07\/lamer-top-300x97.jpg 300w\" sizes=\"auto, (max-width: 700px) 100vw, 700px\" \/><br><strong>LA MER<\/strong><\/p>\n\n\n\n<p><strong>Am Anfang war das Meer&#8230;<\/strong><\/p>\n\n\n\n<p>Die&nbsp;Behandlungen erfolgen mit hochwertigen Produkten der Firma&nbsp;<strong>LA MER<\/strong>, welche Sie auch direkt bei mir&nbsp;telefonisch unter der Tel.-Nr. 0991 &#8211; 23687 bestellen k\u00f6nnen.<\/p>\n\n\n\n<p>Ein nat\u00fcrliches Ph\u00e4nomen stand vor mehr als zwanzig Jahren Pate f\u00fcr <strong>LA MER<\/strong> &#8211; die positive Wirkung des Meeresschlicks auf regenerationsbed\u00fcrftige und gestresste Haut wurde neu entdeckt!&nbsp;<\/p>\n\n\n\n<p>Seitdem steht&nbsp;<strong>LA MER<\/strong>&nbsp;f\u00fcr die einmalige Idee, die positiven Eigenschaften des Meeresschlicks f\u00fcr die Kosmetik nutzbar zu machen. Dem Firmengr\u00fcnder Paul Gojny gelang es im eigenen Forschungs- und Entwicklungslabor in Cuxhaven ein patentiertes Verfahren zu entwickeln, in dem aus dem Meeresschlick der exklusive Meeresschlick-Extrakt gewonnen wird. Die speziellen Hautpflegeserien und Gesundheitsprodukte werden in den eigenen Laboratorien entwickelt und nach GMP-Standard produziert.<\/p>\n\n\n\n<p><strong>LA MER MED&nbsp;&#8211; <\/strong>Endlich echte Hilfe bei Neurodermitis, Schuppenflechte und sehr trockener Haut<\/p>\n\n\n\n<p>Die medizinische Serie ist zur therapiebegleitenden Pflege bei Neurodermitis, Psoriasis sowie trockener und sehr trockener Haut f\u00fcr verschiedene K\u00f6rperareale (Gesicht \/ K\u00f6rper) geeignet. Sie ist<\/p>\n\n\n\n<ol class=\"wp-block-list\"><li><strong>frei von Konservierungsmitteln&nbsp;<\/strong><\/li><li><strong>frei von Parf\u00fcm&nbsp;<\/strong><\/li><li><strong>frei von Farbstoffen&nbsp;<\/strong><\/li><li><strong>frei von Paraffin\u00f6l&nbsp;<\/strong><\/li><li><strong>ohne Silikon&nbsp;<\/strong><\/li><li><strong>ohne PEG (Polyethylen Glycol)<\/strong><\/li><\/ol>\n\n\n\n<p>Diese Produkte aus der <strong>Med-Serie<\/strong> wurden von<strong> \u00d6ko-Test mit &#8222;sehr gut&#8220;<\/strong> bewertet. Das spricht eindeutig f\u00fcr&nbsp;<strong>LA MER!<\/strong><\/p>\n\n\n\n<p><strong>LA MER<\/strong><br><img loading=\"lazy\" decoding=\"async\" width=\"400\" height=\"276\" class=\"wp-image-92\" src=\"http:\/\/1-2-3faltenfrei.de\/wp-content\/uploads\/2020\/07\/oeko-test.jpg\" alt=\"\" style=\"width: 400px;\" srcset=\"https:\/\/1-2-3faltenfrei.de\/wp-content\/uploads\/2020\/07\/oeko-test.jpg 491w, https:\/\/1-2-3faltenfrei.de\/wp-content\/uploads\/2020\/07\/oeko-test-300x207.jpg 300w\" sizes=\"auto, (max-width: 400px) 100vw, 400px\" \/><\/p>\n\n\n\n<p><\/p>\n","protected":false},"excerpt":{"rendered":"<p>LA MER Am Anfang war das Meer&#8230; Die&nbsp;Behandlungen erfolgen mit hochwertigen Produkten der Firma&nbsp;LA MER, welche Sie auch direkt bei mir&nbsp;telefonisch unter der Tel.-Nr. 0991 &#8211; 23687 bestellen k\u00f6nnen. Ein nat\u00fcrliches Ph\u00e4nomen stand vor mehr als zwanzig Jahren Pate f\u00fcr LA MER &#8211; die positive Wirkung des Meeresschlicks auf regenerationsbed\u00fcrftige und gestresste Haut wurde neu [&hellip;]<\/p>\n","protected":false},"author":1,"featured_media":0,"parent":0,"menu_order":0,"comment_status":"closed","ping_status":"closed","template":"","meta":{"footnotes":""},"class_list":["post-88","page","type-page","status-publish","hentry"],"_links":{"self":[{"href":"https:\/\/1-2-3faltenfrei.de\/index.php?rest_route=\/wp\/v2\/pages\/88","targetHints":{"allow":["GET"]}}],"collection":[{"href":"https:\/\/1-2-3faltenfrei.de\/index.php?rest_route=\/wp\/v2\/pages"}],"about":[{"href":"https:\/\/1-2-3faltenfrei.de\/index.php?rest_route=\/wp\/v2\/types\/page"}],"author":[{"embeddable":true,"href":"https:\/\/1-2-3faltenfrei.de\/index.php?rest_route=\/wp\/v2\/users\/1"}],"replies":[{"embeddable":true,"href":"https:\/\/1-2-3faltenfrei.de\/index.php?rest_route=%2Fwp%2Fv2%2Fcomments&post=88"}],"version-history":[{"count":4,"href":"https:\/\/1-2-3faltenfrei.de\/index.php?rest_route=\/wp\/v2\/pages\/88\/revisions"}],"predecessor-version":[{"id":198,"href":"https:\/\/1-2-3faltenfrei.de\/index.php?rest_route=\/wp\/v2\/pages\/88\/revisions\/198"}],"wp:attachment":[{"href":"https:\/\/1-2-3faltenfrei.de\/index.php?rest_route=%2Fwp%2Fv2%2Fmedia&parent=88"}],"curies":[{"name":"wp","href":"https:\/\/api.w.org\/{rel}","templated":true}]}}